{"id":106,"date":"2022-12-22T15:15:07","date_gmt":"2022-12-22T15:15:07","guid":{"rendered":"https:\/\/musamexicoprod.wpengine.com\/es\/?post_type=product&#038;p=106"},"modified":"2025-10-30T23:32:26","modified_gmt":"2025-10-31T04:32:26","slug":"buceo-sin-certificado-con-dos-inmersiones-desde-cancun","status":"publish","type":"product","link":"https:\/\/musamexico.org\/es\/product\/buceo-sin-certificado-con-dos-inmersiones-desde-cancun\/","title":{"rendered":"Buceo sin certificado con dos inmersiones desde Canc\u00fan"},"content":{"rendered":"<ul>\n<li><strong>Incluye: <\/strong>Equipo de buceo b\u00e1sico, aletas de m\u00e1scara, pesas, BCD, regulador y medidores, Instructor, buceo supervisado con un instructor de buceo y agua purificada y refrescos.<\/li>\n<li><strong>No incluye:\u00a0<\/strong>Traje de neopreno, c\u00e1maras, fotos o videos, impuesto de muelle: 20 USD por persona.<\/li>\n<li><strong>Restricciones:<\/strong> A las mujeres embarazadas no se les permite realizar esta actividad, la edad m\u00ednima es de 12 a\u00f1os y la edad m\u00e1xima es de 65 a\u00f1os, las j\u00f3venes de 18 a\u00f1os o menos deben ir acompa\u00f1adas de un adulto, las personas con problemas respiratorios no pueden realizar esta actividad y las personas que no saben nadar, no se les permite realizar esta actividad.<\/li>\n<\/ul>\n<p>Despu\u00e9s de aprender los conceptos b\u00e1sicos sobre el buceo, abordar\u00e1 un bote para dirigirse hacia la Galer\u00eda Manchones, cerca de la parte sur de Isla Mujeres. All\u00ed admirar\u00e1s la belleza cristalina del mar azul del Caribe, as\u00ed como los cientos de esculturas incre\u00edbles a una profundidad de 8 a 10 metros. Disfrutar\u00e1 de la instalaci\u00f3n de arte submarino m\u00e1s grande del mundo, &#8220;La Evoluci\u00f3n Silenciosa&#8221; (450 estructuras de tama\u00f1o humano) realizada por el aclamado artista brit\u00e1nico Jason deCaires Taylor. Entre otras esculturas del mismo artista encontrar\u00e1s &#8220;Antropoceno&#8221; (Un escarabajo VW hecho a escala real), &#8220;Los banqueros&#8221;, &#8220;Bombas&#8221;, &#8220;Arrecifes urbanos&#8221;, entre otros. Creado por otros artistas, ver\u00e1: &#8220;Mapa Bio&#8221;, &#8220;Bacab&#8221; y &#8220;Paisajes marinos&#8221;.<\/p>\n<p>En la opci\u00f3n de una segunda inmersi\u00f3n, tendr\u00e1 la oportunidad de visitar el arrecife Manchones que contiene dos de las tres primeras esculturas colocadas en MUSA en noviembre de 2009: &#8220;El coleccionista de sue\u00f1os&#8221; y &#8220;Hombre en llamas&#8221;.<\/p>\n<p><strong>Es bastante com\u00fan observar tortugas marinas en esta \u00e1rea de formaciones naturales de arrecifes de coral. Dan refugio a una diversidad interminable de peces de colores. Observe c\u00f3mo MUSA atrae a todo tipo de criaturas vivientes, donde se pensaba que muchas de ellas ya estaban en peligro de extinci\u00f3n.<\/strong><\/p>\n<p>* Una vez que haya terminado con su reserva en l\u00ednea, en su correo electr\u00f3nico recibir\u00e1 una nota con el n\u00famero de confirmaci\u00f3n y todos sus detalles. Tambi\u00e9n recibir\u00e1 un enlace que le dar\u00e1 la ubicaci\u00f3n exacta del punto de reuni\u00f3n de su recorrido.<\/p>\n<p><em>Si tiene este tour, obtendr\u00e1 un descuento para descubrir la galer\u00eda de MUSA en el<a href=\"https:\/\/musamexico.org\/es\/visita-a-la-galeria\/\"> CENTRO DE VISITANTES.<\/a><\/em><\/p>\n<p>&#8212;<\/p>\n<p>Pol\u00edticas de Cancelaci\u00f3n<br \/>\nCancelaciones:<br \/>\n* Se debe realizar 24 horas antes y tendr\u00e1 una penalizaci\u00f3n del 20% en el total de su pago.<br \/>\nCondiciones Climatol\u00f3gicas:<br \/>\n* Los avisos se har\u00e1n llegar a trav\u00e9s de MUSA o la marina correspondiente.<br \/>\n* En caso de puerto cerrado, se puede reagendar el tour o solicitar el reembolso total.<br \/>\nCondiciones M\u00e9dicas:<br \/>\n*Es indispensable presentar una prescripci\u00f3n m\u00e9dica como prueba para solicitar un reembolso y es personal.<br \/>\nEn caso de no asistir o no cancelar en el tiempo estipulado. No habr\u00e1 reembolso.<\/p>\n<p>&nbsp;<\/p>\n","protected":false},"excerpt":{"rendered":"<p>Comience sus lecciones primero. Para comenzar, tomar\u00e1 un curso te\u00f3rico sobre manejo de equipos y una lecci\u00f3n pr\u00e1ctica\u00a0 sobre el uso adecuado del equipo de buceo.<\/p>\n<ul>\n<li>Precio: $162 USD (Precios fijos todo el a\u00f1o).<\/li>\n<li>Salida: Todos los d\u00edas (excepto los d\u00edas en que el puerto est\u00e9 cerrado)<\/li>\n<li>Clase 8:00 AM con buceo a las 9:30 AM<\/li>\n<li>Clase 11:30 AM con buceo a las 2:00 PM<\/li>\n<li>Duraci\u00f3n: 6 horas aproximadamente<\/li>\n<li>Registro: 30 minutos antes de la salida<\/li>\n<\/ul>\n","protected":false},"featured_media":110,"template":"","meta":{"_acf_changed":false,"give_campaign_id":0,"_seopress_robots_primary_cat":"none","_seopress_titles_title":"Buceo sin certificado con dos inmersiones desde Canc\u00fan MUSA","_seopress_titles_desc":"Para comenzar, tomar\u00e1 un curso te\u00f3rico sobre manejo de equipos y una lecci\u00f3n pr\u00e1ctica en una piscina sobre el uso adecuado del equipo de buceo.","_seopress_robots_index":"","site-sidebar-layout":"default","site-content-layout":"default","ast-site-content-layout":"default","site-content-style":"default","site-sidebar-style":"default","ast-global-header-display":"","ast-banner-title-visibility":"","ast-main-header-display":"","ast-hfb-above-header-display":"","ast-hfb-below-header-display":"","ast-hfb-mobile-header-display":"","site-post-title":"disabled","ast-breadcrumbs-content":"","ast-featured-img":"","footer-sml-layout":"","theme-transparent-header-meta":"default","adv-header-id-meta":"","stick-header-meta":"","header-above-stick-meta":"","header-main-stick-meta":"","header-below-stick-meta":"","astra-migrate-meta-layouts":"set","ast-page-background-enabled":"default","ast-page-background-meta":{"desktop":{"background-color":"var(--ast-global-color-4)","background-image":"","background-repeat":"repeat","background-position":"center center","background-size":"auto","background-attachment":"scroll","background-type":"","background-media":"","overlay-type":"","overlay-color":"","overlay-opacity":"","overlay-gradient":""},"tablet":{"background-color":"","background-image":"","background-repeat":"repeat","background-position":"center center","background-size":"auto","background-attachment":"scroll","background-type":"","background-media":"","overlay-type":"","overlay-color":"","overlay-opacity":"","overlay-gradient":""},"mobile":{"background-color":"","background-image":"","background-repeat":"repeat","background-position":"center center","background-size":"auto","background-attachment":"scroll","background-type":"","background-media":"","overlay-type":"","overlay-color":"","overlay-opacity":"","overlay-gradient":""}},"ast-content-background-meta":{"desktop":{"background-color":"var(--ast-global-color-5)","background-image":"","background-repeat":"repeat","background-position":"center center","background-size":"auto","background-attachment":"scroll","background-type":"","background-media":"","overlay-type":"","overlay-color":"","overlay-opacity":"","overlay-gradient":""},"tablet":{"background-color":"var(--ast-global-color-5)","background-image":"","background-repeat":"repeat","background-position":"center center","background-size":"auto","background-attachment":"scroll","background-type":"","background-media":"","overlay-type":"","overlay-color":"","overlay-opacity":"","overlay-gradient":""},"mobile":{"background-color":"var(--ast-global-color-5)","background-image":"","background-repeat":"repeat","background-position":"center center","background-size":"auto","background-attachment":"scroll","background-type":"","background-media":"","overlay-type":"","overlay-color":"","overlay-opacity":"","overlay-gradient":""}}},"product_brand":[],"product_cat":[22],"product_tag":[],"class_list":{"0":"post-106","1":"product","2":"type-product","3":"status-publish","4":"has-post-thumbnail","6":"product_cat-buceo","7":"tm-has-options","8":"desktop-align-left","9":"tablet-align-left","10":"mobile-align-left","12":"first","13":"instock","14":"sold-individually","15":"shipping-taxable","16":"purchasable","17":"product-type-simple"},"acf":[],"_links":{"self":[{"href":"https:\/\/musamexico.org\/es\/wp-json\/wp\/v2\/product\/106","targetHints":{"allow":["GET"]}}],"collection":[{"href":"https:\/\/musamexico.org\/es\/wp-json\/wp\/v2\/product"}],"about":[{"href":"https:\/\/musamexico.org\/es\/wp-json\/wp\/v2\/types\/product"}],"wp:featuredmedia":[{"embeddable":true,"href":"https:\/\/musamexico.org\/es\/wp-json\/wp\/v2\/media\/110"}],"wp:attachment":[{"href":"https:\/\/musamexico.org\/es\/wp-json\/wp\/v2\/media?parent=106"}],"wp:term":[{"taxonomy":"product_brand","embeddable":true,"href":"https:\/\/musamexico.org\/es\/wp-json\/wp\/v2\/product_brand?post=106"},{"taxonomy":"product_cat","embeddable":true,"href":"https:\/\/musamexico.org\/es\/wp-json\/wp\/v2\/product_cat?post=106"},{"taxonomy":"product_tag","embeddable":true,"href":"https:\/\/musamexico.org\/es\/wp-json\/wp\/v2\/product_tag?post=106"}],"curies":[{"name":"wp","href":"https:\/\/api.w.org\/{rel}","templated":true}]}}