{"id":123,"date":"2022-12-22T15:27:02","date_gmt":"2022-12-22T15:27:02","guid":{"rendered":"https:\/\/musamexicoprod.wpengine.com\/es\/?post_type=product&#038;p=123"},"modified":"2025-02-13T10:15:11","modified_gmt":"2025-02-13T15:15:11","slug":"galeria-villa-roda-musa","status":"publish","type":"product","link":"https:\/\/musamexico.org\/es\/product\/galeria-villa-roda-musa\/","title":{"rendered":"Galeria Villa Roda-MUSA"},"content":{"rendered":"<p><strong>La Galer\u00eda est\u00e1 abierta de lunes a viernes, con un horario de 9 a 13 horas. Se requiere reserva.<\/strong><\/p>\n<p><strong>Precio: <\/strong>$ 35.00 USD por persona (precios fijos durante todo el a\u00f1o).<\/p>\n<p>Pero en la compra de un tour acu\u00e1tico con MUSA, ser\u00e1 gratuito.<\/p>\n<ul>\n<li>No incluido: Transporte al Centro de Visitantes.<\/li>\n<li>No hay restricci\u00f3n en las edades.<\/li>\n<li><strong>Direcci\u00f3n: Cerrada Las Golondrinas Lote 24, Col. Alfredo V. Bonfil, C.P. 7756.\u00a0 Benito Ju\u00e1rez, Canc\u00fan, Qroo.<\/strong><\/li>\n<li><strong>Correo y tel\u00e9fono para reservaciones: info@musamexico.org (+1 52 998 2060182)<\/strong><\/li>\n<\/ul>\n<p>&nbsp;<\/p>\n<p>&#8212;<\/p>\n<p>Pol\u00edticas de Cancelaci\u00f3n<br \/>\nCancelaciones:<br \/>\n* Se debe realizar 24 horas antes y tendr\u00e1 una penalizaci\u00f3n del 20% en el total de su pago.<br \/>\nCondiciones Climatol\u00f3gicas:<br \/>\n* Los avisos se har\u00e1n llegar a trav\u00e9s de MUSA o la marina correspondiente.<br \/>\n* En caso de puerto cerrado, se puede reagendar el tour o solicitar el reembolso total.<br \/>\nCondiciones M\u00e9dicas:<br \/>\n*Es indispensable presentar una prescripci\u00f3n m\u00e9dica como prueba para solicitar un reembolso y es personal.<br \/>\nEn caso de no asistir o no cancelar en el tiempo estipulado. No habr\u00e1 reembolso.<\/p>\n<p>&nbsp;<\/p>\n","protected":false},"excerpt":{"rendered":"<p>Conozca la historia de MUSA y si tiene suerte, hable con los fundadores. Ver\u00e1 un hermoso jard\u00edn escult\u00f3rico con r\u00e9plicas de esculturas de Jason deCaires Taylor, Elier Amado Gil y Roberto D\u00edaz Abraham. Disfruta viendo c\u00f3mo se hacen las esculturas en el taller de MUSA y habla con los artistas m\u00e1s importantes.<\/p>\n<p>Es necesario hacer reservaciones con anticipaci\u00f3n.<\/p>\n<p>&nbsp;<\/p>\n","protected":false},"featured_media":126,"template":"","meta":{"_acf_changed":false,"give_campaign_id":0,"_seopress_robots_primary_cat":"none","_seopress_titles_title":"Galeria Villa Roda-MUSA - MUSA","_seopress_titles_desc":"Ver\u00e1 un hermoso jard\u00edn escult\u00f3rico con r\u00e9plicas de esculturas de Jason deCaires Taylor, Elier Amado Gil y Roberto D\u00edaz Abraham.","_seopress_robots_index":"","site-sidebar-layout":"default","site-content-layout":"default","ast-site-content-layout":"default","site-content-style":"default","site-sidebar-style":"default","ast-global-header-display":"","ast-banner-title-visibility":"","ast-main-header-display":"","ast-hfb-above-header-display":"","ast-hfb-below-header-display":"","ast-hfb-mobile-header-display":"","site-post-title":"","ast-breadcrumbs-content":"","ast-featured-img":"","footer-sml-layout":"","theme-transparent-header-meta":"default","adv-header-id-meta":"","stick-header-meta":"","header-above-stick-meta":"","header-main-stick-meta":"","header-below-stick-meta":"","astra-migrate-meta-layouts":"set","ast-page-background-enabled":"default","ast-page-background-meta":{"desktop":{"background-color":"var(--ast-global-color-4)","background-image":"","background-repeat":"repeat","background-position":"center center","background-size":"auto","background-attachment":"scroll","background-type":"","background-media":"","overlay-type":"","overlay-color":"","overlay-opacity":"","overlay-gradient":""},"tablet":{"background-color":"","background-image":"","background-repeat":"repeat","background-position":"center center","background-size":"auto","background-attachment":"scroll","background-type":"","background-media":"","overlay-type":"","overlay-color":"","overlay-opacity":"","overlay-gradient":""},"mobile":{"background-color":"","background-image":"","background-repeat":"repeat","background-position":"center center","background-size":"auto","background-attachment":"scroll","background-type":"","background-media":"","overlay-type":"","overlay-color":"","overlay-opacity":"","overlay-gradient":""}},"ast-content-background-meta":{"desktop":{"background-color":"var(--ast-global-color-5)","background-image":"","background-repeat":"repeat","background-position":"center center","background-size":"auto","background-attachment":"scroll","background-type":"","background-media":"","overlay-type":"","overlay-color":"","overlay-opacity":"","overlay-gradient":""},"tablet":{"background-color":"var(--ast-global-color-5)","background-image":"","background-repeat":"repeat","background-position":"center center","background-size":"auto","background-attachment":"scroll","background-type":"","background-media":"","overlay-type":"","overlay-color":"","overlay-opacity":"","overlay-gradient":""},"mobile":{"background-color":"var(--ast-global-color-5)","background-image":"","background-repeat":"repeat","background-position":"center center","background-size":"auto","background-attachment":"scroll","background-type":"","background-media":"","overlay-type":"","overlay-color":"","overlay-opacity":"","overlay-gradient":""}}},"product_brand":[],"product_cat":[25],"product_tag":[],"class_list":{"0":"post-123","1":"product","2":"type-product","3":"status-publish","4":"has-post-thumbnail","6":"product_cat-visita-a-la-galeria","7":"tm-has-options","8":"desktop-align-left","9":"tablet-align-left","10":"mobile-align-left","12":"first","13":"instock","14":"sold-individually","15":"shipping-taxable","16":"purchasable","17":"product-type-simple"},"acf":[],"_links":{"self":[{"href":"https:\/\/musamexico.org\/es\/wp-json\/wp\/v2\/product\/123","targetHints":{"allow":["GET"]}}],"collection":[{"href":"https:\/\/musamexico.org\/es\/wp-json\/wp\/v2\/product"}],"about":[{"href":"https:\/\/musamexico.org\/es\/wp-json\/wp\/v2\/types\/product"}],"wp:featuredmedia":[{"embeddable":true,"href":"https:\/\/musamexico.org\/es\/wp-json\/wp\/v2\/media\/126"}],"wp:attachment":[{"href":"https:\/\/musamexico.org\/es\/wp-json\/wp\/v2\/media?parent=123"}],"wp:term":[{"taxonomy":"product_brand","embeddable":true,"href":"https:\/\/musamexico.org\/es\/wp-json\/wp\/v2\/product_brand?post=123"},{"taxonomy":"product_cat","embeddable":true,"href":"https:\/\/musamexico.org\/es\/wp-json\/wp\/v2\/product_cat?post=123"},{"taxonomy":"product_tag","embeddable":true,"href":"https:\/\/musamexico.org\/es\/wp-json\/wp\/v2\/product_tag?post=123"}],"curies":[{"name":"wp","href":"https:\/\/api.w.org\/{rel}","templated":true}]}}