{"id":133,"date":"2022-12-22T15:44:18","date_gmt":"2022-12-22T15:44:18","guid":{"rendered":"https:\/\/musamexicoprod.wpengine.com\/es\/?post_type=product&#038;p=133"},"modified":"2025-10-30T23:31:40","modified_gmt":"2025-10-31T04:31:40","slug":"buceo-sin-certificado-saliendo-desde-isla-mujeres","status":"publish","type":"product","link":"https:\/\/musamexico.org\/es\/product\/buceo-sin-certificado-saliendo-desde-isla-mujeres\/","title":{"rendered":"Buceo sin certificado saliendo desde Isla Mujeres"},"content":{"rendered":"<ul>\n<li>Precio: $169 USD <strong><u>con dos inmersiones (MUSA + Arrecife Natural)<\/u><\/strong> (Precios fijos todo el a\u00f1o).<\/li>\n<li>Salida: Todos los d\u00edas (excepto cuando el puerto est\u00e1 cerrado)<\/li>\n<li>Clase de buceo: 12:00 hrs.\u00a0 Horario de salida: 2:00 pm.<\/li>\n<li>Registro: 30 minutos antes de la salida.<\/li>\n<li><strong>Llegar 30 minutos antes para el check in<\/strong><\/li>\n<li>Duraci\u00f3n de la visita: 5 horas aproximadamente<\/li>\n<li><strong>Incluye: <\/strong>Equipo b\u00e1sico de buceo; Mascarillas, pesas, BCD, regulador, medidores, instructor, buceo supervisado con un instructor de buceo, agua purificada y refrescos.<\/li>\n<li><strong>No incluye: <\/strong>Traje de neopreno, c\u00e1maras, fotos o videos, impuesto de muelle: $20.00 USD por persona.<\/li>\n<li><strong>Restricciones:<\/strong>A las mujeres embarazadas no se les permite realizar esta actividad, la edad m\u00ednima es de 12 a\u00f1os y la edad m\u00e1xima es de 65 a\u00f1os, las j\u00f3venes de 18 a\u00f1os o menos deben ir acompa\u00f1adas de un adulto, las personas con problemas respiratorios no pueden realizar esta actividad y las personas que no saben nadar, no se les permite realizar esta actividad.<\/li>\n<\/ul>\n<p>* Una vez que haya terminado con su reserva en l\u00ednea, en su correo electr\u00f3nico recibir\u00e1 una nota con el n\u00famero de confirmaci\u00f3n y todos sus detalles. Tambi\u00e9n recibir\u00e1 un enlace que le dar\u00e1 la ubicaci\u00f3n exacta del punto de reuni\u00f3n de su recorrido.<\/p>\n<p>Si tiene este tour, obtendr\u00e1 un descuento para descubrir la galer\u00eda de MUSA en el<a href=\"https:\/\/musamexico.org\/es\/visita-a-la-galeria\/\"> CENTRO DE VISITANTES.<\/a><\/p>\n<p>&#8212;<\/p>\n<p>Pol\u00edticas de Cancelaci\u00f3n<br \/>\nCancelaciones:<br \/>\n* Se debe realizar 24 horas antes y tendr\u00e1 una penalizaci\u00f3n del 20% en el total de su pago.<br \/>\nCondiciones Climatol\u00f3gicas:<br \/>\n* Los avisos se har\u00e1n llegar a trav\u00e9s de MUSA o la marina correspondiente.<br \/>\n* En caso de puerto cerrado, se puede reagendar el tour o solicitar el reembolso total.<br \/>\nCondiciones M\u00e9dicas:<br \/>\n*Es indispensable presentar una prescripci\u00f3n m\u00e9dica como prueba para solicitar un reembolso y es personal.<br \/>\nEn caso de no asistir o no cancelar en el tiempo estipulado. No habr\u00e1 reembolso.<\/p>\n<p>&nbsp;<\/p>\n<p>&nbsp;<\/p>\n<p class=\"politicas\" style=\"color: #084d81; font-size: 25px;\">\n","protected":false},"excerpt":{"rendered":"<p>Para este tour tomar el ferry desde Canc\u00fan a Isla Mujeres. En el caso de que haya pasado la noche en esta hermosa isla, solo tendr\u00e1 que caminar hasta el punto de salida que se le entregar\u00e1 una vez que haya realizado y confirmado su reserva. Tome un desayuno ligero, tome l\u00edquidos y prep\u00e1rese para el momento de su vida.<\/p>\n<p>&nbsp;<\/p>\n","protected":false},"featured_media":136,"template":"","meta":{"_acf_changed":false,"give_campaign_id":0,"_seopress_robots_primary_cat":"none","_seopress_titles_title":"Buceo sin certificado saliendo desde Isla Mujeres - MUSA","_seopress_titles_desc":"Explora m\u00e1s de 500 estatuas. Incluye mascarillas, pesas, BCD, regulador, medidores, instructor, buceo supervisado con un instructor de buceo y mucho m\u00e1s.","_seopress_robots_index":"","site-sidebar-layout":"default","site-content-layout":"default","ast-site-content-layout":"default","site-content-style":"default","site-sidebar-style":"default","ast-global-header-display":"","ast-banner-title-visibility":"","ast-main-header-display":"","ast-hfb-above-header-display":"","ast-hfb-below-header-display":"","ast-hfb-mobile-header-display":"","site-post-title":"","ast-breadcrumbs-content":"","ast-featured-img":"","footer-sml-layout":"","theme-transparent-header-meta":"default","adv-header-id-meta":"","stick-header-meta":"","header-above-stick-meta":"","header-main-stick-meta":"","header-below-stick-meta":"","astra-migrate-meta-layouts":"set","ast-page-background-enabled":"default","ast-page-background-meta":{"desktop":{"background-color":"var(--ast-global-color-4)","background-image":"","background-repeat":"repeat","background-position":"center center","background-size":"auto","background-attachment":"scroll","background-type":"","background-media":"","overlay-type":"","overlay-color":"","overlay-opacity":"","overlay-gradient":""},"tablet":{"background-color":"","background-image":"","background-repeat":"repeat","background-position":"center center","background-size":"auto","background-attachment":"scroll","background-type":"","background-media":"","overlay-type":"","overlay-color":"","overlay-opacity":"","overlay-gradient":""},"mobile":{"background-color":"","background-image":"","background-repeat":"repeat","background-position":"center center","background-size":"auto","background-attachment":"scroll","background-type":"","background-media":"","overlay-type":"","overlay-color":"","overlay-opacity":"","overlay-gradient":""}},"ast-content-background-meta":{"desktop":{"background-color":"var(--ast-global-color-5)","background-image":"","background-repeat":"repeat","background-position":"center center","background-size":"auto","background-attachment":"scroll","background-type":"","background-media":"","overlay-type":"","overlay-color":"","overlay-opacity":"","overlay-gradient":""},"tablet":{"background-color":"var(--ast-global-color-5)","background-image":"","background-repeat":"repeat","background-position":"center center","background-size":"auto","background-attachment":"scroll","background-type":"","background-media":"","overlay-type":"","overlay-color":"","overlay-opacity":"","overlay-gradient":""},"mobile":{"background-color":"var(--ast-global-color-5)","background-image":"","background-repeat":"repeat","background-position":"center center","background-size":"auto","background-attachment":"scroll","background-type":"","background-media":"","overlay-type":"","overlay-color":"","overlay-opacity":"","overlay-gradient":""}}},"product_brand":[],"product_cat":[22],"product_tag":[],"class_list":{"0":"post-133","1":"product","2":"type-product","3":"status-publish","4":"has-post-thumbnail","6":"product_cat-buceo","7":"tm-has-options","8":"desktop-align-left","9":"tablet-align-left","10":"mobile-align-left","12":"first","13":"instock","14":"sold-individually","15":"shipping-taxable","16":"purchasable","17":"product-type-simple"},"acf":[],"_links":{"self":[{"href":"https:\/\/musamexico.org\/es\/wp-json\/wp\/v2\/product\/133","targetHints":{"allow":["GET"]}}],"collection":[{"href":"https:\/\/musamexico.org\/es\/wp-json\/wp\/v2\/product"}],"about":[{"href":"https:\/\/musamexico.org\/es\/wp-json\/wp\/v2\/types\/product"}],"wp:featuredmedia":[{"embeddable":true,"href":"https:\/\/musamexico.org\/es\/wp-json\/wp\/v2\/media\/136"}],"wp:attachment":[{"href":"https:\/\/musamexico.org\/es\/wp-json\/wp\/v2\/media?parent=133"}],"wp:term":[{"taxonomy":"product_brand","embeddable":true,"href":"https:\/\/musamexico.org\/es\/wp-json\/wp\/v2\/product_brand?post=133"},{"taxonomy":"product_cat","embeddable":true,"href":"https:\/\/musamexico.org\/es\/wp-json\/wp\/v2\/product_cat?post=133"},{"taxonomy":"product_tag","embeddable":true,"href":"https:\/\/musamexico.org\/es\/wp-json\/wp\/v2\/product_tag?post=133"}],"curies":[{"name":"wp","href":"https:\/\/api.w.org\/{rel}","templated":true}]}}