{"id":168,"date":"2022-12-22T19:42:28","date_gmt":"2022-12-22T19:42:28","guid":{"rendered":"https:\/\/musamexicoprod.wpengine.com\/es\/?post_type=product&#038;p=168"},"modified":"2025-10-30T23:28:03","modified_gmt":"2025-10-31T04:28:03","slug":"snorkeling-musa-manchones-saliendo-de-isla-mujeres","status":"publish","type":"product","link":"https:\/\/musamexico.org\/es\/product\/snorkeling-musa-manchones-saliendo-de-isla-mujeres\/","title":{"rendered":"Snorkeling Musa Manchones saliendo de Isla Mujeres"},"content":{"rendered":"<p>Snorkel en MUSA, bah\u00eda de Isla Mujeres, para admirar el Museo Submarino de Arte, el cual se encuentran en un \u00e1rea<br \/>\nnatural protegida, y comprende una colecci\u00f3n de m\u00e1s de 450 obras del Artista Jason DeCaires, que comprende 45<br \/>\nm\u00f3dulos con 10 personas de la vida real en cada. Adem\u00e1s de obras como: &#8220;La Jardinera&#8221;, &#8220;Hombre en llamas&#8221;, &#8220;El Coleccionista de sue\u00f1os&#8221;, &#8220;Antropoceno&#8221;, entre otras.<\/p>\n<p>Adem\u00e1s obras de artistas mexicanos, como: &#8220;Paisajes marinos l&#8221; de Karen Salinas<\/p>\n<ul>\n<li>Precio: $65.00 USD.<\/li>\n<li><b data-stringify-type=\"bold\">Tours privados disponibles a partir de 6 pax<\/b><\/li>\n<li>Edad m\u00e1xima 65 a\u00f1os<\/li>\n<li>Salidas de Isla Mujeres: De lunes a Domingo. Horario 8am y 2pm<\/li>\n<li><strong>Horario 9:00 am, para reservaciones en grupo a partir de 6 pax.<\/strong><\/li>\n<li><strong>Puedes hacer snorkel m\u00e1s de una vez, excepto a las 2 p.m. esa es la \u00faltima salida.<br \/>\n<\/strong><\/li>\n<\/ul>\n<p>Incluye:<\/p>\n<ul>\n<li>Chaleco Salvavidas<\/li>\n<li>30 minutos de snorkel en MUSA<\/li>\n<li>30 Minutos de Snorkel en arrecife Manchones<\/li>\n<li>Agua embotellada<\/li>\n<li>Equipo de Snorkel<\/li>\n<\/ul>\n<p>No incluye:<\/p>\n<ul>\n<li>$ 20.00 USD de muelle\/parque marino, c\u00e1maras, video y fotograf\u00eda<\/li>\n<\/ul>\n<p>Restricciones:\u00a0Las mujeres embarazadas no pueden realizar esta actividad, la edad m\u00ednima es 4 a\u00f1os, las j\u00f3venes menores de 18 a\u00f1os deben ir acompa\u00f1adas de un adulto, las personas con problemas respiratorios no pueden realizar esta actividad y las personas que no saben nadar, no pueden hacerlo. para realizar esta actividad.<\/p>\n<p>* Una vez que haya terminado con su reserva en l\u00ednea, en su correo electr\u00f3nico recibir\u00e1 una nota con el n\u00famero de confirmaci\u00f3n y todos sus detalles. Tambi\u00e9n recibir\u00e1 un enlace que le dar\u00e1 la ubicaci\u00f3n exacta del punto de reuni\u00f3n de su recorrido.<\/p>\n<p>Si tiene este tour, obtendr\u00e1 un descuento para descubrir la galer\u00eda de MUSA en el<a href=\"https:\/\/musamexico.org\/es\/visita-a-la-galeria\/\"> CENTRO DE VISITANTES.<\/a><\/p>\n<p>&nbsp;<\/p>\n<p>&#8212;<\/p>\n<p>Pol\u00edticas de Cancelaci\u00f3n<br \/>\nCancelaciones:<br \/>\n* Se debe realizar 24 horas antes y tendr\u00e1 una penalizaci\u00f3n del 20% en el total de su pago.<br \/>\nCondiciones Climatol\u00f3gicas:<br \/>\n* Los avisos se har\u00e1n llegar a trav\u00e9s de MUSA o la marina correspondiente.<br \/>\n* En caso de puerto cerrado, se puede reagendar el tour o solicitar el reembolso total.<br \/>\nCondiciones M\u00e9dicas:<br \/>\n*Es indispensable presentar una prescripci\u00f3n m\u00e9dica como prueba para solicitar un reembolso y es personal.<br \/>\nEn caso de no asistir o no cancelar en el tiempo estipulado. No habr\u00e1 reembolso.<\/p>\n<p>&nbsp;<\/p>\n<p>&nbsp;<\/p>\n","protected":false},"excerpt":{"rendered":"<p>Snorkel en MUSA, bah\u00eda de Isla Mujeres, para admirar el Museo Submarino de Arte, el cual se encuentran en un \u00e1rea natural protegida, y comprende una colecci\u00f3n de m\u00e1s de 450 obras del Artista Jason DeCaires, que comprende 45 m\u00f3dulos con 10 personas de la vida real en cada. Adem\u00e1s de obras como: &#8220;La Jardinera&#8221;, &#8220;Hombre en llamas&#8221;, &#8220;ElColeccionista de sue\u00f1os&#8221;, &#8220;Antropoceno&#8221;, entre otras.<\/p>\n","protected":false},"featured_media":172,"template":"","meta":{"_acf_changed":false,"give_campaign_id":0,"_seopress_robots_primary_cat":"none","_seopress_titles_title":"","_seopress_titles_desc":"","_seopress_robots_index":"","site-sidebar-layout":"default","site-content-layout":"default","ast-site-content-layout":"default","site-content-style":"default","site-sidebar-style":"default","ast-global-header-display":"","ast-banner-title-visibility":"","ast-main-header-display":"","ast-hfb-above-header-display":"","ast-hfb-below-header-display":"","ast-hfb-mobile-header-display":"","site-post-title":"","ast-breadcrumbs-content":"","ast-featured-img":"","footer-sml-layout":"","theme-transparent-header-meta":"default","adv-header-id-meta":"","stick-header-meta":"","header-above-stick-meta":"","header-main-stick-meta":"","header-below-stick-meta":"","astra-migrate-meta-layouts":"set","ast-page-background-enabled":"default","ast-page-background-meta":{"desktop":{"background-color":"var(--ast-global-color-4)","background-image":"","background-repeat":"repeat","background-position":"center center","background-size":"auto","background-attachment":"scroll","background-type":"","background-media":"","overlay-type":"","overlay-color":"","overlay-opacity":"","overlay-gradient":""},"tablet":{"background-color":"","background-image":"","background-repeat":"repeat","background-position":"center center","background-size":"auto","background-attachment":"scroll","background-type":"","background-media":"","overlay-type":"","overlay-color":"","overlay-opacity":"","overlay-gradient":""},"mobile":{"background-color":"","background-image":"","background-repeat":"repeat","background-position":"center center","background-size":"auto","background-attachment":"scroll","background-type":"","background-media":"","overlay-type":"","overlay-color":"","overlay-opacity":"","overlay-gradient":""}},"ast-content-background-meta":{"desktop":{"background-color":"var(--ast-global-color-5)","background-image":"","background-repeat":"repeat","background-position":"center center","background-size":"auto","background-attachment":"scroll","background-type":"","background-media":"","overlay-type":"","overlay-color":"","overlay-opacity":"","overlay-gradient":""},"tablet":{"background-color":"var(--ast-global-color-5)","background-image":"","background-repeat":"repeat","background-position":"center center","background-size":"auto","background-attachment":"scroll","background-type":"","background-media":"","overlay-type":"","overlay-color":"","overlay-opacity":"","overlay-gradient":""},"mobile":{"background-color":"var(--ast-global-color-5)","background-image":"","background-repeat":"repeat","background-position":"center center","background-size":"auto","background-attachment":"scroll","background-type":"","background-media":"","overlay-type":"","overlay-color":"","overlay-opacity":"","overlay-gradient":""}}},"product_brand":[],"product_cat":[24],"product_tag":[],"class_list":{"0":"post-168","1":"product","2":"type-product","3":"status-publish","4":"has-post-thumbnail","6":"product_cat-snorkel","7":"tm-has-options","8":"desktop-align-left","9":"tablet-align-left","10":"mobile-align-left","12":"first","13":"instock","14":"sold-individually","15":"shipping-taxable","16":"purchasable","17":"product-type-simple"},"acf":[],"_links":{"self":[{"href":"https:\/\/musamexico.org\/es\/wp-json\/wp\/v2\/product\/168","targetHints":{"allow":["GET"]}}],"collection":[{"href":"https:\/\/musamexico.org\/es\/wp-json\/wp\/v2\/product"}],"about":[{"href":"https:\/\/musamexico.org\/es\/wp-json\/wp\/v2\/types\/product"}],"wp:featuredmedia":[{"embeddable":true,"href":"https:\/\/musamexico.org\/es\/wp-json\/wp\/v2\/media\/172"}],"wp:attachment":[{"href":"https:\/\/musamexico.org\/es\/wp-json\/wp\/v2\/media?parent=168"}],"wp:term":[{"taxonomy":"product_brand","embeddable":true,"href":"https:\/\/musamexico.org\/es\/wp-json\/wp\/v2\/product_brand?post=168"},{"taxonomy":"product_cat","embeddable":true,"href":"https:\/\/musamexico.org\/es\/wp-json\/wp\/v2\/product_cat?post=168"},{"taxonomy":"product_tag","embeddable":true,"href":"https:\/\/musamexico.org\/es\/wp-json\/wp\/v2\/product_tag?post=168"}],"curies":[{"name":"wp","href":"https:\/\/api.w.org\/{rel}","templated":true}]}}