{"id":173,"date":"2022-12-22T19:52:18","date_gmt":"2022-12-22T19:52:18","guid":{"rendered":"https:\/\/musamexicoprod.wpengine.com\/es\/?post_type=product&#038;p=173"},"modified":"2025-12-26T12:26:05","modified_gmt":"2025-12-26T17:26:05","slug":"barco-con-fondo-de-cristal-en-la-galeria-nizuc","status":"publish","type":"product","link":"https:\/\/musamexico.org\/es\/product\/barco-con-fondo-de-cristal-en-la-galeria-nizuc\/","title":{"rendered":"Barco fondo de cristal galer\u00eda Punta Nizuc saliendo de Canc\u00fan"},"content":{"rendered":"<p><strong>Este tour es tan divertido como educativo para ni\u00f1os y adultos. Los ni\u00f1os pueden identificar muchas especies de peces y vida marina, y tambi\u00e9n pueden aprender la importancia de proteger las \u00e1reas de los arrecifes.<\/strong><\/p>\n<ul>\n<li>Precio: $58.00 USD (Precios fijos todo el a\u00f1o.)<\/li>\n<li>Ni\u00f1os de 11 a\u00f1os o menos pagan $34 USD.<\/li>\n<li>Edad m\u00e1xima 65 a\u00f1os.<\/li>\n<li>Salidas: Todos los d\u00edas (excepto d\u00edas con puerto cerrado)<\/li>\n<li>Registro: 30 minutos antes de salir<\/li>\n<li>Duraci\u00f3n del tour: aproximadamente 2 horas viaje redondo<\/li>\n<li><strong>Incluye:\u00a0<\/strong>Agua, refrescos y cerveza<\/li>\n<li><strong>No incluye:<\/strong> Impuesto de muelle, 20 USD por persona y tarifa del Parque Nacional Marino.<\/li>\n<\/ul>\n<p>Un gu\u00eda certificado explicar\u00e1 las diferentes esculturas que ver\u00e1 a trav\u00e9s del vidrio sin mojarse. En esta \u00e1rea apartada del arrecife Nizuc, encontrar\u00e1s varias esculturas magn\u00edficas. Algunos de ellos son piezas de Jason como &#8220;Venas&#8221;, &#8220;Resurrecci\u00f3n&#8221;, &#8220;El orador&#8221;, entre otros. Otras esculturas son de la autor\u00eda del artista Elier Amado Gil como: \u201cEntendimiento\u201d, \u201cUbral\u201d, \u201cSin nombre\u201d y \u201cRompehielos\u201d que representa al artista y co- fundador de musa Roberto D\u00edaz Abraham, quien es fundador de musa y como artista realiz\u00f3 las obras de: \u201cLa musa del oceano\u201d y \u201cDiego\u201d.<\/p>\n<p>El tour incluye hermosas vistas de los arrecifes de coral naturales y miles de peces diferentes nadar\u00e1n al lado del barco. Despu\u00e9s de 30 minutos de viaje a trav\u00e9s del arrecife y las esculturas, regresar\u00e1 a un bote y lo regresar\u00e1 a Canc\u00fan.<\/p>\n<p>Este tour es muy divertido y altamente educativo para toda la familia, dado que se identificar\u00e1n muchas especies de corales, peces y plantas. Aprender\u00e1s mucho y experimentar\u00e1s la sensaci\u00f3n bajo el agua sin siquiera tocar el agua.<\/p>\n<p>* Una vez que haya terminado con su reserva en l\u00ednea, en su correo electr\u00f3nico recibir\u00e1 una nota con el n\u00famero de confirmaci\u00f3n y todos sus detalles. Tambi\u00e9n recibir\u00e1 un enlace que le dar\u00e1 la ubicaci\u00f3n exacta del punto de reuni\u00f3n de su recorrido.<\/p>\n<p>Si tienes este tour, obtendr\u00e1s un descuento para descubrir la galer\u00eda de MUSA en el<a href=\"https:\/\/musamexico.org\/es\/visita-a-la-galeria\/\">\u00a0CENTRO DE VISITANTES.<\/a><\/p>\n<p>&nbsp;<\/p>\n<p>&#8212;<\/p>\n<p>Pol\u00edticas de Cancelaci\u00f3n<br \/>\nCancelaciones:<br \/>\n* Se debe realizar 24 horas antes y tendr\u00e1 una penalizaci\u00f3n del 20% en el total de su pago.<br \/>\nCondiciones Climatol\u00f3gicas:<br \/>\n* Los avisos se har\u00e1n llegar a trav\u00e9s de MUSA o la marina correspondiente.<br \/>\n* En caso de puerto cerrado, se puede reagendar el tour o solicitar el reembolso total.<br \/>\nCondiciones M\u00e9dicas:<br \/>\n*Es indispensable presentar una prescripci\u00f3n m\u00e9dica como prueba para solicitar un reembolso y es personal.<br \/>\nEn caso de no asistir o no cancelar en el tiempo estipulado. No habr\u00e1 reembolso.<\/p>\n<p>&nbsp;<\/p>\n<p>&nbsp;<\/p>\n<p>&nbsp;<\/p>\n","protected":false},"excerpt":{"rendered":"<p><span style=\"font-weight: 400;\">Emprende un viaje al fondo del mar sin mojarte a bordo de un barco con fondo de cristal, donde podr\u00e1s deleitarte con el maravilloso paisaje submarino. Este tour te llevar\u00e1 a observar la vida marina en el arrecife de Punta Nizuc, parte del Gran Arrecife Maya el segundo m\u00e1s grande del mundo.<\/span><\/p>\n<p><span style=\"font-weight: 400;\">Es una actividad \u00fanica en su tipo, que te permitir\u00e1 disfrutar el panorama c\u00f3modamente, apreciando la fauna que vive en en el arrecife como distintas especies de coral, peces ex\u00f3ticos y las magn\u00edficas esculturas del Museo Subacu\u00e1tico de Arte (MUSA), donde las obras de arte ofrecen un espacio para el crecimiento del coral en nuestro mar Caribe.\u00a0<\/span><\/p>\n<p><span style=\"font-weight: 400;\">Este recorrido de 45 minutos a trav\u00e9s de la laguna Nichupt\u00e9 y los canales del manglar hasta llegar al arrecife en el mar es perfecto para disfrutar en familia.<\/span><\/p>\n","protected":false},"featured_media":47,"template":"","meta":{"_acf_changed":false,"give_campaign_id":0,"_seopress_robots_primary_cat":"none","_seopress_titles_title":"","_seopress_titles_desc":"Una actividad perfecta para todas las edades, podr\u00e1s ver las profundidades del oc\u00e9ano sin mojarte en absoluto.","_seopress_robots_index":"","site-sidebar-layout":"default","site-content-layout":"default","ast-site-content-layout":"default","site-content-style":"default","site-sidebar-style":"default","ast-global-header-display":"","ast-banner-title-visibility":"","ast-main-header-display":"","ast-hfb-above-header-display":"","ast-hfb-below-header-display":"","ast-hfb-mobile-header-display":"","site-post-title":"","ast-breadcrumbs-content":"","ast-featured-img":"","footer-sml-layout":"","theme-transparent-header-meta":"default","adv-header-id-meta":"","stick-header-meta":"","header-above-stick-meta":"","header-main-stick-meta":"","header-below-stick-meta":"","astra-migrate-meta-layouts":"set","ast-page-background-enabled":"default","ast-page-background-meta":{"desktop":{"background-color":"var(--ast-global-color-4)","background-image":"","background-repeat":"repeat","background-position":"center center","background-size":"auto","background-attachment":"scroll","background-type":"","background-media":"","overlay-type":"","overlay-color":"","overlay-opacity":"","overlay-gradient":""},"tablet":{"background-color":"","background-image":"","background-repeat":"repeat","background-position":"center center","background-size":"auto","background-attachment":"scroll","background-type":"","background-media":"","overlay-type":"","overlay-color":"","overlay-opacity":"","overlay-gradient":""},"mobile":{"background-color":"","background-image":"","background-repeat":"repeat","background-position":"center center","background-size":"auto","background-attachment":"scroll","background-type":"","background-media":"","overlay-type":"","overlay-color":"","overlay-opacity":"","overlay-gradient":""}},"ast-content-background-meta":{"desktop":{"background-color":"var(--ast-global-color-5)","background-image":"","background-repeat":"repeat","background-position":"center center","background-size":"auto","background-attachment":"scroll","background-type":"","background-media":"","overlay-type":"","overlay-color":"","overlay-opacity":"","overlay-gradient":""},"tablet":{"background-color":"var(--ast-global-color-5)","background-image":"","background-repeat":"repeat","background-position":"center center","background-size":"auto","background-attachment":"scroll","background-type":"","background-media":"","overlay-type":"","overlay-color":"","overlay-opacity":"","overlay-gradient":""},"mobile":{"background-color":"var(--ast-global-color-5)","background-image":"","background-repeat":"repeat","background-position":"center center","background-size":"auto","background-attachment":"scroll","background-type":"","background-media":"","overlay-type":"","overlay-color":"","overlay-opacity":"","overlay-gradient":""}}},"product_brand":[],"product_cat":[21],"product_tag":[],"class_list":{"0":"post-173","1":"product","2":"type-product","3":"status-publish","4":"has-post-thumbnail","6":"product_cat-barco-con-fondo-de-cristal","7":"tm-has-options","8":"desktop-align-left","9":"tablet-align-left","10":"mobile-align-left","12":"first","13":"instock","14":"sold-individually","15":"shipping-taxable","16":"purchasable","17":"product-type-simple"},"acf":[],"_links":{"self":[{"href":"https:\/\/musamexico.org\/es\/wp-json\/wp\/v2\/product\/173","targetHints":{"allow":["GET"]}}],"collection":[{"href":"https:\/\/musamexico.org\/es\/wp-json\/wp\/v2\/product"}],"about":[{"href":"https:\/\/musamexico.org\/es\/wp-json\/wp\/v2\/types\/product"}],"wp:featuredmedia":[{"embeddable":true,"href":"https:\/\/musamexico.org\/es\/wp-json\/wp\/v2\/media\/47"}],"wp:attachment":[{"href":"https:\/\/musamexico.org\/es\/wp-json\/wp\/v2\/media?parent=173"}],"wp:term":[{"taxonomy":"product_brand","embeddable":true,"href":"https:\/\/musamexico.org\/es\/wp-json\/wp\/v2\/product_brand?post=173"},{"taxonomy":"product_cat","embeddable":true,"href":"https:\/\/musamexico.org\/es\/wp-json\/wp\/v2\/product_cat?post=173"},{"taxonomy":"product_tag","embeddable":true,"href":"https:\/\/musamexico.org\/es\/wp-json\/wp\/v2\/product_tag?post=173"}],"curies":[{"name":"wp","href":"https:\/\/api.w.org\/{rel}","templated":true}]}}