{"id":67,"date":"2022-12-22T06:11:42","date_gmt":"2022-12-22T06:11:42","guid":{"rendered":"https:\/\/musamexicoprod.wpengine.com\/es\/?post_type=product&#038;p=67"},"modified":"2025-10-30T23:36:40","modified_gmt":"2025-10-31T04:36:40","slug":"buceo-para-certificados-saliendo-desde-cancun","status":"publish","type":"product","link":"https:\/\/musamexico.org\/es\/product\/buceo-para-certificados-saliendo-desde-cancun\/","title":{"rendered":"Buceo para certificados saliendo desde Canc\u00fan"},"content":{"rendered":"<p>Disfrutar\u00e1 de la instalaci\u00f3n de arte submarino m\u00e1s grande del mundo, \u201cLa evoluci\u00f3n silenciosa\u201d (450 estructuras de tama\u00f1o humano) realizada por el aclamado artista brit\u00e1nico Jason deCaires Taylor. Entre otras esculturas del mismo artista encontrar\u00e1s \u201cAntropoceno\u201d (Un escarabajo VW hecho a escala real), \u201cLos banqueros\u201d, \u201cBombas \u201c, \u201cArrecifes urbanos\u201d, entre otros. Creado por otros artistas, ver\u00e1: \u201cMapa Bio\u201d, \u201cBacab\u201d y \u201cPaisajes marinos\u201d.<br \/>\nEn la segunda inmersi\u00f3n, tendr\u00e1 la oportunidad de visitar el arrecife Manchones y sus asombrosas estructuras de coral con coloridos peces alrededor.<\/p>\n<ul>\n<li>Precio: $115 USD <strong><u>con dos tanques de buceo (MUSA + arrecife natural)<\/u><\/strong><\/li>\n<li>Salida: de lunes a s\u00e1bado (excepto los d\u00edas de puerto cerrado)<\/li>\n<li><strong>Registro: 30 minutos antes de la salida<\/strong><\/li>\n<li><strong>Llegar 30 minutos antes para el check in<\/strong><\/li>\n<li>Duraci\u00f3n de la visita: 5 horas aproximadamente.<\/li>\n<li><strong>Incluye:\u00a0<\/strong>Equipo b\u00e1sico de buceo; M\u00e1scara de aletas, pesas, BCD, regulador, medidores, instructor, buceo supervisado con un instructor de buceo y agua purificada y refrescos.<\/li>\n<li><strong>No incluye:\u00a0<\/strong>Traje de neopreno, c\u00e1maras, fotos o videos. Impuesto de muelle, 20 USD por persona<\/li>\n<\/ul>\n<ul>\n<li><strong>Restricciones:<\/strong> Las mujeres embarazadas no pueden realizar esta actividad, la edad m\u00ednima es 12 a\u00f1os y la edad m\u00e1xima es de 65 a\u00f1os, las j\u00f3venes menores de 18 a\u00f1os deben ir acompa\u00f1adas de un adulto, las personas con problemas respiratorios no pueden realizar esta actividad y las personas que no saben nadar, no pueden hacerlo. para realizar esta actividad.<\/li>\n<\/ul>\n<p>Es bastante com\u00fan observar tortugas marinas en esta \u00e1rea de formaciones naturales de arrecifes de coral. Dan refugio a una diversidad interminable de peces de colores. Observe c\u00f3mo MUSA atrae a todo tipo de criaturas vivientes, donde se pensaba que muchas de ellas ya estaban en peligro de extinci\u00f3n.<\/p>\n<p>* Una vez que haya terminado con su reserva en l\u00ednea, en su correo electr\u00f3nico recibir\u00e1 una nota con el n\u00famero de confirmaci\u00f3n y todos sus detalles. Tambi\u00e9n recibir\u00e1 un enlace que le dar\u00e1 la ubicaci\u00f3n exacta del punto de reuni\u00f3n de su recorrido.<\/p>\n<p>Si tiene este tour, obtendr\u00e1 un descuento para descubrir la galer\u00eda de MUSA en el<a href=\"https:\/\/musamexico.org\/es\/visita-a-la-galeria\/centro-de-visitantes\/\">\u00a0CENTRO DE VISITANTES.<\/a><\/p>\n<p>&nbsp;<\/p>\n<p>&#8212;<\/p>\n<p>Pol\u00edticas de Cancelaci\u00f3n<br \/>\nCancelaciones:<br \/>\n* Se debe realizar 24 horas antes y tendr\u00e1 una penalizaci\u00f3n del 20% en el total de su pago.<br \/>\nCondiciones Climatol\u00f3gicas:<br \/>\n* Los avisos se har\u00e1n llegar a trav\u00e9s de MUSA o la marina correspondiente.<br \/>\n* En caso de puerto cerrado, se puede reagendar el tour o solicitar el reembolso total.<br \/>\nCondiciones M\u00e9dicas:<br \/>\n*Es indispensable presentar una prescripci\u00f3n m\u00e9dica como prueba para solicitar un reembolso y es personal.<br \/>\nEn caso de no asistir o no cancelar en el tiempo estipulado. No habr\u00e1 reembolso.<\/p>\n<p>&nbsp;<\/p>\n<p>&nbsp;<\/p>\n","protected":false},"excerpt":{"rendered":"<p>Tu experiencia comenzar\u00e1 con un agradable viaje en barco a trav\u00e9s de los canales de la laguna y manglar. Al llegar al sitio de buceo entre Canc\u00fan e Isla Mujeres, se encontrar\u00e1 con magn\u00edficas esculturas cara a cara en la primera inmersi\u00f3n. Admire el mar cristalino del Caribe y cientos de incre\u00edbles figuras humanas a una profundidad de 8 a 10 metros.<\/p>\n","protected":false},"featured_media":70,"template":"","meta":{"_acf_changed":false,"give_campaign_id":0,"_seopress_robots_primary_cat":"none","_seopress_titles_title":"Buceo para certificados saliendo desde Canc\u00fan - MUSA","_seopress_titles_desc":"En los \u00faltimos a\u00f1os, el Museo tambi\u00e9n ha recibido el reconocimiento mundial y ha generado millones de d\u00f3lares en publicidad para la regi\u00f3n a trav\u00e9s de su amplia cobertura en los medios.","_seopress_robots_index":"","site-sidebar-layout":"default","site-content-layout":"default","ast-site-content-layout":"default","site-content-style":"default","site-sidebar-style":"default","ast-global-header-display":"","ast-banner-title-visibility":"","ast-main-header-display":"","ast-hfb-above-header-display":"","ast-hfb-below-header-display":"","ast-hfb-mobile-header-display":"","site-post-title":"","ast-breadcrumbs-content":"","ast-featured-img":"","footer-sml-layout":"","theme-transparent-header-meta":"default","adv-header-id-meta":"","stick-header-meta":"","header-above-stick-meta":"","header-main-stick-meta":"","header-below-stick-meta":"","astra-migrate-meta-layouts":"set","ast-page-background-enabled":"default","ast-page-background-meta":{"desktop":{"background-color":"var(--ast-global-color-4)","background-image":"","background-repeat":"repeat","background-position":"center center","background-size":"auto","background-attachment":"scroll","background-type":"","background-media":"","overlay-type":"","overlay-color":"","overlay-opacity":"","overlay-gradient":""},"tablet":{"background-color":"","background-image":"","background-repeat":"repeat","background-position":"center center","background-size":"auto","background-attachment":"scroll","background-type":"","background-media":"","overlay-type":"","overlay-color":"","overlay-opacity":"","overlay-gradient":""},"mobile":{"background-color":"","background-image":"","background-repeat":"repeat","background-position":"center center","background-size":"auto","background-attachment":"scroll","background-type":"","background-media":"","overlay-type":"","overlay-color":"","overlay-opacity":"","overlay-gradient":""}},"ast-content-background-meta":{"desktop":{"background-color":"var(--ast-global-color-5)","background-image":"","background-repeat":"repeat","background-position":"center center","background-size":"auto","background-attachment":"scroll","background-type":"","background-media":"","overlay-type":"","overlay-color":"","overlay-opacity":"","overlay-gradient":""},"tablet":{"background-color":"var(--ast-global-color-5)","background-image":"","background-repeat":"repeat","background-position":"center center","background-size":"auto","background-attachment":"scroll","background-type":"","background-media":"","overlay-type":"","overlay-color":"","overlay-opacity":"","overlay-gradient":""},"mobile":{"background-color":"var(--ast-global-color-5)","background-image":"","background-repeat":"repeat","background-position":"center center","background-size":"auto","background-attachment":"scroll","background-type":"","background-media":"","overlay-type":"","overlay-color":"","overlay-opacity":"","overlay-gradient":""}}},"product_brand":[],"product_cat":[22],"product_tag":[],"class_list":{"0":"post-67","1":"product","2":"type-product","3":"status-publish","4":"has-post-thumbnail","6":"product_cat-buceo","7":"tm-has-options","8":"desktop-align-left","9":"tablet-align-left","10":"mobile-align-left","12":"first","13":"instock","14":"sold-individually","15":"shipping-taxable","16":"purchasable","17":"product-type-simple"},"acf":[],"_links":{"self":[{"href":"https:\/\/musamexico.org\/es\/wp-json\/wp\/v2\/product\/67","targetHints":{"allow":["GET"]}}],"collection":[{"href":"https:\/\/musamexico.org\/es\/wp-json\/wp\/v2\/product"}],"about":[{"href":"https:\/\/musamexico.org\/es\/wp-json\/wp\/v2\/types\/product"}],"wp:featuredmedia":[{"embeddable":true,"href":"https:\/\/musamexico.org\/es\/wp-json\/wp\/v2\/media\/70"}],"wp:attachment":[{"href":"https:\/\/musamexico.org\/es\/wp-json\/wp\/v2\/media?parent=67"}],"wp:term":[{"taxonomy":"product_brand","embeddable":true,"href":"https:\/\/musamexico.org\/es\/wp-json\/wp\/v2\/product_brand?post=67"},{"taxonomy":"product_cat","embeddable":true,"href":"https:\/\/musamexico.org\/es\/wp-json\/wp\/v2\/product_cat?post=67"},{"taxonomy":"product_tag","embeddable":true,"href":"https:\/\/musamexico.org\/es\/wp-json\/wp\/v2\/product_tag?post=67"}],"curies":[{"name":"wp","href":"https:\/\/api.w.org\/{rel}","templated":true}]}}