{"id":91,"date":"2022-12-22T14:49:55","date_gmt":"2022-12-22T14:49:55","guid":{"rendered":"https:\/\/musamexicoprod.wpengine.com\/es\/?post_type=product&#038;p=91"},"modified":"2025-10-30T23:35:07","modified_gmt":"2025-10-31T04:35:07","slug":"snorkeling-musa-manchones-saliendo-de-cancun","status":"publish","type":"product","link":"https:\/\/musamexico.org\/es\/product\/snorkeling-musa-manchones-saliendo-de-cancun\/","title":{"rendered":"Snorkeling Musa Manchones saliendo de Canc\u00fan"},"content":{"rendered":"<p>Disfrutar\u00e1 de la instalaci\u00f3n de arte submarino m\u00e1s grande del mundo, \u201cLa evoluci\u00f3n silenciosa\u201d (450 estructuras de tama\u00f1o humano) realizada por el aclamado artista brit\u00e1nico Jason deCaires Taylor. Entre otras esculturas del mismo artista encontrar\u00e1s \u201cAntropoceno\u201d (Un escarabajo VW hecho a escala real), \u201cLos banqueros\u201d, \u201cBombas \u201c, \u201cArrecifes urbanos\u201d, entre otros. Creado por otros artistas, ver\u00e1: \u201cMapa Bio\u201d, \u201cBacab\u201d y \u201cPaisajes marinos\u201d.<br \/>\nEn la segunda inmersi\u00f3n, tendr\u00e1 la oportunidad de visitar el arrecife Manchones y sus asombrosas estructuras de coral con coloridos peces alrededor.<\/p>\n<ul>\n<li>Precio: $65 USD <strong>(<u><strong>Sn<\/strong>orkeling Musa Manchones saliendo de Canc\u00fan)<\/u><\/strong>\u00a0(Precios fijos todo el a\u00f1o)<\/li>\n<li>Salida: Todos los d\u00edas<\/li>\n<li><strong>Registro: 30 minutos antes de la salida<\/strong><\/li>\n<li><strong>Llegar 30 minutos antes para el check in<\/strong><\/li>\n<li>Duraci\u00f3n de la visita: 5 horas aproximadamente.<\/li>\n<li><strong>Horario 9:00 am, para reservaciones en grupo.<\/strong><\/li>\n<li><strong>Puedes hacer snorkel m\u00e1s de una vez, excepto a las 2 p.m. esa es la \u00faltima salida.<\/strong><\/li>\n<li><strong>Incluye:\u00a0<\/strong>Chaleco salvavidas y equipo de snorkel.<\/li>\n<li><strong>No incluye:\u00a0<\/strong>Traje de neopreno, c\u00e1maras, fotos o videos. Impuesto de muelle, 20 USD por persona<\/li>\n<\/ul>\n<ul>\n<li><strong>Restricciones:<\/strong> Las mujeres embarazadas no pueden realizar esta actividad, la edad m\u00ednima es 4 a\u00f1os y la edad m\u00e1xima es de 65 a\u00f1os, las j\u00f3venes menores de 18 a\u00f1os deben ir acompa\u00f1adas de un adulto, las personas con problemas respiratorios no pueden realizar esta actividad y las personas que no saben nadar, no pueden hacerlo. para realizar esta actividad.<\/li>\n<\/ul>\n<p>Es bastante com\u00fan observar tortugas marinas en esta \u00e1rea de formaciones naturales de arrecifes de coral. Dan refugio a una diversidad interminable de peces de colores. Observe c\u00f3mo MUSA atrae a todo tipo de criaturas vivientes, donde se pensaba que muchas de ellas ya estaban en peligro de extinci\u00f3n.<\/p>\n<p>* Una vez que haya terminado con su reserva en l\u00ednea, en su correo electr\u00f3nico recibir\u00e1 una nota con el n\u00famero de confirmaci\u00f3n y todos sus detalles. Tambi\u00e9n recibir\u00e1 un enlace que le dar\u00e1 la ubicaci\u00f3n exacta del punto de reuni\u00f3n de su recorrido.<\/p>\n<p>Si tiene este tour, obtendr\u00e1 un descuento para descubrir la galer\u00eda de MUSA en el<a href=\"https:\/\/musamexico.org\/es\/visita-a-la-galeria\/centro-de-visitantes\/\">\u00a0CENTRO DE VISITANTES.<\/a><\/p>\n<p>&nbsp;<\/p>\n<p>&#8212;<\/p>\n<p>Pol\u00edticas de Cancelaci\u00f3n<br \/>\nCancelaciones:<br \/>\n* Se debe realizar 24 horas antes y tendr\u00e1 una penalizaci\u00f3n del 20% en el total de su pago.<br \/>\nCondiciones Climatol\u00f3gicas:<br \/>\n* Los avisos se har\u00e1n llegar a trav\u00e9s de MUSA o la marina correspondiente.<br \/>\n* En caso de puerto cerrado, se puede reagendar el tour o solicitar el reembolso total.<br \/>\nCondiciones M\u00e9dicas:<br \/>\n*Es indispensable presentar una prescripci\u00f3n m\u00e9dica como prueba para solicitar un reembolso y es personal.<br \/>\nEn caso de no asistir o no cancelar en el tiempo estipulado. No habr\u00e1 reembolso.<\/p>\n<p>&nbsp;<\/p>\n","protected":false},"excerpt":{"rendered":"<p><span style=\"font-weight: 400;\">Snorkel en MUSA, bah\u00eda de Isla Mujeres, para admirar el Museo Submarino de Arte, el cual se <\/span><span style=\"font-weight: 400;\">\u00a0<\/span><span style=\"font-weight: 400;\">encuentran en un \u00e1rea natural protegida, y comprende una colecci\u00f3n de m\u00e1s de 450 obras del <\/span><span style=\"font-weight: 400;\">\u00a0<\/span><span style=\"font-weight: 400;\">Artista Jason DeCaires, que comprende 45 m\u00f3dulos con 10 personas de la vida real en cada<\/span> <span style=\"font-weight: 400;\">bloque. Adem\u00e1s de obras como: \u201cLa Jardinera\u201d, \u201cHombre en llamas\u201d, \u201cEl Coleccionista de <\/span><span style=\"font-weight: 400;\">\u00a0<\/span><span style=\"font-weight: 400;\">sue\u00f1os\u201d, \u201cAntropoceno\u201d, entre otras.<\/span><span style=\"font-weight: 400;\">\u00a0<\/span><\/p>\n","protected":false},"featured_media":171,"template":"","meta":{"_acf_changed":false,"give_campaign_id":0,"_seopress_robots_primary_cat":"none","_seopress_titles_title":"Snorkeling Musa Manchones saliendo de Canc\u00fan","_seopress_titles_desc":"Sum\u00e9rjase en la maravilla: \"La evoluci\u00f3n silenciosa\", arte submarino de Jason deCaires Taylor, con 450 estructuras humanas. Una experiencia \u00fanica.","_seopress_robots_index":"","site-sidebar-layout":"default","site-content-layout":"default","ast-site-content-layout":"default","site-content-style":"default","site-sidebar-style":"default","ast-global-header-display":"","ast-banner-title-visibility":"","ast-main-header-display":"","ast-hfb-above-header-display":"","ast-hfb-below-header-display":"","ast-hfb-mobile-header-display":"","site-post-title":"","ast-breadcrumbs-content":"","ast-featured-img":"","footer-sml-layout":"","theme-transparent-header-meta":"default","adv-header-id-meta":"","stick-header-meta":"","header-above-stick-meta":"","header-main-stick-meta":"","header-below-stick-meta":"","astra-migrate-meta-layouts":"set","ast-page-background-enabled":"default","ast-page-background-meta":{"desktop":{"background-color":"var(--ast-global-color-4)","background-image":"","background-repeat":"repeat","background-position":"center center","background-size":"auto","background-attachment":"scroll","background-type":"","background-media":"","overlay-type":"","overlay-color":"","overlay-opacity":"","overlay-gradient":""},"tablet":{"background-color":"","background-image":"","background-repeat":"repeat","background-position":"center center","background-size":"auto","background-attachment":"scroll","background-type":"","background-media":"","overlay-type":"","overlay-color":"","overlay-opacity":"","overlay-gradient":""},"mobile":{"background-color":"","background-image":"","background-repeat":"repeat","background-position":"center center","background-size":"auto","background-attachment":"scroll","background-type":"","background-media":"","overlay-type":"","overlay-color":"","overlay-opacity":"","overlay-gradient":""}},"ast-content-background-meta":{"desktop":{"background-color":"var(--ast-global-color-5)","background-image":"","background-repeat":"repeat","background-position":"center center","background-size":"auto","background-attachment":"scroll","background-type":"","background-media":"","overlay-type":"","overlay-color":"","overlay-opacity":"","overlay-gradient":""},"tablet":{"background-color":"var(--ast-global-color-5)","background-image":"","background-repeat":"repeat","background-position":"center center","background-size":"auto","background-attachment":"scroll","background-type":"","background-media":"","overlay-type":"","overlay-color":"","overlay-opacity":"","overlay-gradient":""},"mobile":{"background-color":"var(--ast-global-color-5)","background-image":"","background-repeat":"repeat","background-position":"center center","background-size":"auto","background-attachment":"scroll","background-type":"","background-media":"","overlay-type":"","overlay-color":"","overlay-opacity":"","overlay-gradient":""}}},"product_brand":[],"product_cat":[24],"product_tag":[],"class_list":{"0":"post-91","1":"product","2":"type-product","3":"status-publish","4":"has-post-thumbnail","6":"product_cat-snorkel","7":"tm-has-options","8":"desktop-align-left","9":"tablet-align-left","10":"mobile-align-left","12":"first","13":"instock","14":"sold-individually","15":"shipping-taxable","16":"purchasable","17":"product-type-simple"},"acf":[],"_links":{"self":[{"href":"https:\/\/musamexico.org\/es\/wp-json\/wp\/v2\/product\/91","targetHints":{"allow":["GET"]}}],"collection":[{"href":"https:\/\/musamexico.org\/es\/wp-json\/wp\/v2\/product"}],"about":[{"href":"https:\/\/musamexico.org\/es\/wp-json\/wp\/v2\/types\/product"}],"wp:featuredmedia":[{"embeddable":true,"href":"https:\/\/musamexico.org\/es\/wp-json\/wp\/v2\/media\/171"}],"wp:attachment":[{"href":"https:\/\/musamexico.org\/es\/wp-json\/wp\/v2\/media?parent=91"}],"wp:term":[{"taxonomy":"product_brand","embeddable":true,"href":"https:\/\/musamexico.org\/es\/wp-json\/wp\/v2\/product_brand?post=91"},{"taxonomy":"product_cat","embeddable":true,"href":"https:\/\/musamexico.org\/es\/wp-json\/wp\/v2\/product_cat?post=91"},{"taxonomy":"product_tag","embeddable":true,"href":"https:\/\/musamexico.org\/es\/wp-json\/wp\/v2\/product_tag?post=91"}],"curies":[{"name":"wp","href":"https:\/\/api.w.org\/{rel}","templated":true}]}}