{"id":97,"date":"2022-12-22T15:02:22","date_gmt":"2022-12-22T15:02:22","guid":{"rendered":"https:\/\/musamexicoprod.wpengine.com\/es\/?post_type=product&#038;p=97"},"modified":"2025-10-30T23:33:55","modified_gmt":"2025-10-31T04:33:55","slug":"jungle-tour","status":"publish","type":"product","link":"https:\/\/musamexico.org\/es\/product\/jungle-tour\/","title":{"rendered":"Jungle Tour Galer\u00eda de Punta Nizuc. Saliendo de Canc\u00fan"},"content":{"rendered":"<p class=\"p1\">Si quieres disfrutar de una aventura a velocidad, maneja tu propia lancha y sigue a tu gu\u00eda por la Laguna Nichupt\u00e9.\u00a0El tour incluye instrucciones de seguridad y un gu\u00eda biling\u00fce quien te ense\u00f1ar\u00e1 las se\u00f1ales de mano antes de la salida. Disfruta navegando por los canales sinuosos mientras disfrutas de la naturaleza y observas la vida salvaje.<\/p>\n<p class=\"p1\">La laguna es el hogar de muchas criaturas. Adem\u00e1s visitar\u00e1s el Arrecife Mesoamericano, el segundo m\u00e1s grande del mundo y presenta una gran variedad de sitios de snorkel en Canc\u00fan. Emerger de los impresionantes manglares hacia el Caribe y sus aguas turquesas te quitar\u00e1 el aliento. Mientras realizas snorkel en el arrecife de Punta Nizuc donde visitaras alrededor de 23 obras de MUSA, entender\u00e1s porque esta zona se conoce por su abundante vida marina, sus peces e incre\u00edbles formaciones coralinas.<\/p>\n<p>Dentro de las\u00a0 esculturas que podr\u00e1n ver en el recorrido son: \u00a0Inercia, La Musa del Oc\u00e9ano, Sin t\u00edtulo, Entendimiento, Renovaci\u00f3n, Vac\u00edo, Bombas de tiempo y Paisajes Marinos III, entre otras.<\/p>\n<p class=\"p1\">Nuestro equipo de gu\u00edas de snorkel te ayudar\u00e1 a identificar lo importante y asistir\u00e1n a los principiantes.<\/p>\n<ul>\n<li>Precio: $70 USD. (Precios fijos todo el a\u00f1o)\n<li>Ni\u00f1os de 11 a\u00f1os o menos pagan 45 USD.<\/li>\n<li>Edad m\u00e1xima 65 a\u00f1os.\n<li>\n<li>Salidas: Jueves y s\u00e1bado (excepto d\u00edas con puerto cerrado)<\/li>\n<li>Registro: 30 minutos antes del horario de salida<\/li>\n<li>Duraci\u00f3n de la visita: aproximadamente 2:30 horas<\/li>\n<li><strong>Incluye: <\/strong>Agua, todo el equipo, casilleros, ba\u00f1os y duchas en la ubicaci\u00f3n.<\/li>\n<li><strong>No incluye:<\/strong> Impuesto de muelle, 20 USD por persona.<\/li>\n<li>Para buenos nadadores<\/li>\n<\/ul>\n<p>* Una vez que haya terminado con su reserva en l\u00ednea, en su correo electr\u00f3nico recibir\u00e1 una nota con el n\u00famero de confirmaci\u00f3n y todos sus detalles. Tambi\u00e9n recibir\u00e1 un enlace que le dar\u00e1 la ubicaci\u00f3n exacta del punto de reuni\u00f3n de su recorrido.<\/p>\n<p>Si tiene este tour, obtendr\u00e1 un descuento para descubrir la galer\u00eda de MUSA en el<a href=\"https:\/\/musamexico.org\/es\/visita-a-la-galeria\/\"> CENTRO DE VISITANTES.<\/a><\/p>\n<p>&nbsp;<\/p>\n<p>&#8212;<\/p>\n<p>Pol\u00edticas de Cancelaci\u00f3n<br \/>\nCancelaciones:<br \/>\n* Se debe realizar 24 horas antes y tendr\u00e1 una penalizaci\u00f3n del 20% en el total de su pago.<br \/>\nCondiciones Climatol\u00f3gicas:<br \/>\n* Los avisos se har\u00e1n llegar a trav\u00e9s de MUSA o la marina correspondiente.<br \/>\n* En caso de puerto cerrado, se puede reagendar el tour o solicitar el reembolso total.<br \/>\nCondiciones M\u00e9dicas:<br \/>\n*Es indispensable presentar una prescripci\u00f3n m\u00e9dica como prueba para solicitar un reembolso y es personal.<br \/>\nEn caso de no asistir o no cancelar en el tiempo estipulado. No habr\u00e1 reembolso.<\/p>\n<p>&nbsp;<\/p>\n","protected":false},"excerpt":{"rendered":"<p>Esta es una excelente combinaci\u00f3n de naturaleza y cultura donde disfrutar\u00e1 no solo de la laguna y los manantiales de manglares hasta llegar al Mar Caribe.<\/p>\n<p>Combinando estas dos actividades, ampliar\u00e1 su experiencia por completo y ahorrar\u00e1 $ 24 USD adicionales. \u00a1Por persona!<\/p>\n","protected":false},"featured_media":103,"template":"","meta":{"_acf_changed":false,"give_campaign_id":0,"_seopress_robots_primary_cat":"none","_seopress_titles_title":"Jungle Tour Galer\u00eda de Punta Nizuc. Saliendo de Canc\u00fan","_seopress_titles_desc":"Emb\u00e1rcate en una emocionante aventura en lancha por la Laguna Nichupt\u00e9, guiado por expertos biling\u00fces. Descubre la naturaleza salvaje mientras navegas.","_seopress_robots_index":"","site-sidebar-layout":"default","site-content-layout":"default","ast-site-content-layout":"default","site-content-style":"default","site-sidebar-style":"default","ast-global-header-display":"","ast-banner-title-visibility":"","ast-main-header-display":"","ast-hfb-above-header-display":"","ast-hfb-below-header-display":"","ast-hfb-mobile-header-display":"","site-post-title":"","ast-breadcrumbs-content":"","ast-featured-img":"","footer-sml-layout":"","theme-transparent-header-meta":"default","adv-header-id-meta":"","stick-header-meta":"","header-above-stick-meta":"","header-main-stick-meta":"","header-below-stick-meta":"","astra-migrate-meta-layouts":"set","ast-page-background-enabled":"default","ast-page-background-meta":{"desktop":{"background-color":"var(--ast-global-color-4)","background-image":"","background-repeat":"repeat","background-position":"center center","background-size":"auto","background-attachment":"scroll","background-type":"","background-media":"","overlay-type":"","overlay-color":"","overlay-opacity":"","overlay-gradient":""},"tablet":{"background-color":"","background-image":"","background-repeat":"repeat","background-position":"center center","background-size":"auto","background-attachment":"scroll","background-type":"","background-media":"","overlay-type":"","overlay-color":"","overlay-opacity":"","overlay-gradient":""},"mobile":{"background-color":"","background-image":"","background-repeat":"repeat","background-position":"center center","background-size":"auto","background-attachment":"scroll","background-type":"","background-media":"","overlay-type":"","overlay-color":"","overlay-opacity":"","overlay-gradient":""}},"ast-content-background-meta":{"desktop":{"background-color":"var(--ast-global-color-5)","background-image":"","background-repeat":"repeat","background-position":"center center","background-size":"auto","background-attachment":"scroll","background-type":"","background-media":"","overlay-type":"","overlay-color":"","overlay-opacity":"","overlay-gradient":""},"tablet":{"background-color":"var(--ast-global-color-5)","background-image":"","background-repeat":"repeat","background-position":"center center","background-size":"auto","background-attachment":"scroll","background-type":"","background-media":"","overlay-type":"","overlay-color":"","overlay-opacity":"","overlay-gradient":""},"mobile":{"background-color":"var(--ast-global-color-5)","background-image":"","background-repeat":"repeat","background-position":"center center","background-size":"auto","background-attachment":"scroll","background-type":"","background-media":"","overlay-type":"","overlay-color":"","overlay-opacity":"","overlay-gradient":""}}},"product_brand":[],"product_cat":[23,24],"product_tag":[],"class_list":{"0":"post-97","1":"product","2":"type-product","3":"status-publish","4":"has-post-thumbnail","6":"product_cat-jungle-tour","7":"product_cat-snorkel","8":"tm-has-options","9":"desktop-align-left","10":"tablet-align-left","11":"mobile-align-left","13":"first","14":"instock","15":"sold-individually","16":"shipping-taxable","17":"purchasable","18":"product-type-simple"},"acf":[],"_links":{"self":[{"href":"https:\/\/musamexico.org\/es\/wp-json\/wp\/v2\/product\/97","targetHints":{"allow":["GET"]}}],"collection":[{"href":"https:\/\/musamexico.org\/es\/wp-json\/wp\/v2\/product"}],"about":[{"href":"https:\/\/musamexico.org\/es\/wp-json\/wp\/v2\/types\/product"}],"wp:featuredmedia":[{"embeddable":true,"href":"https:\/\/musamexico.org\/es\/wp-json\/wp\/v2\/media\/103"}],"wp:attachment":[{"href":"https:\/\/musamexico.org\/es\/wp-json\/wp\/v2\/media?parent=97"}],"wp:term":[{"taxonomy":"product_brand","embeddable":true,"href":"https:\/\/musamexico.org\/es\/wp-json\/wp\/v2\/product_brand?post=97"},{"taxonomy":"product_cat","embeddable":true,"href":"https:\/\/musamexico.org\/es\/wp-json\/wp\/v2\/product_cat?post=97"},{"taxonomy":"product_tag","embeddable":true,"href":"https:\/\/musamexico.org\/es\/wp-json\/wp\/v2\/product_tag?post=97"}],"curies":[{"name":"wp","href":"https:\/\/api.w.org\/{rel}","templated":true}]}}